{"id":5,"date":"2021-02-04T11:17:22","date_gmt":"2021-02-04T11:17:22","guid":{"rendered":"http:\/\/apeconsulting.michael-havers.com\/?page_id=5"},"modified":"2024-05-14T13:49:47","modified_gmt":"2024-05-14T13:49:47","slug":"wir-ueber-uns-das-ist-apec","status":"publish","type":"page","link":"https:\/\/apeconsulting.gmbh\/?page_id=5","title":{"rendered":"Wir \u00fcber uns \/ das ist APEC"},"content":{"rendered":"\r\n<p style=\"text-align: justify; padding-left: 280px;\"><span style=\"font-size: 30pt; color: #0a2a51;\">Herzlich willkommen bei der<strong> APEC<\/strong>onsulting GmbH<\/span><\/p>\r\n<p style=\"text-align: justify; padding-left: 360px;\"><span style=\"font-size: 30pt; color: #0a2a51;\"><strong>&#8222;Unser Name ist unser Aush\u00e4ngeschild&#8220;<\/strong><\/span><\/p>\r\n<p style=\"text-align: justify; padding-left: 480px;\"><span style=\"font-size: 30pt; color: #0a2a51;\"><strong data-rich-text-format-boundary=\"true\">A<\/strong>-utomotiv<\/span><\/p>\r\n<p style=\"padding-left: 560px; text-align: justify;\"><span style=\"font-size: 30pt; color: #0a2a51;\"><strong>P<\/strong>-lanning<\/span><\/p>\r\n<p style=\"padding-left: 640px; text-align: justify;\"><span style=\"font-size: 30pt; color: #0a2a51;\"><strong>E<\/strong>-ngineering<\/span><\/p>\r\n<p style=\"padding-left: 720px; text-align: justify;\"><span style=\"font-size: 30pt; color: #0a2a51;\"><strong>C<\/strong>-onsulting<\/span><\/p>\r\n<p style=\"padding-left: 280px;\">\u00a0<\/p>\r\n\r\n\r\n\r\n<p style=\"padding-left: 400px;\"><span style=\"font-size: 18pt;\">Es steht f\u00fcr<\/span><\/p>\r\n<ul>\r\n<li style=\"list-style-type: none;\">\r\n<ul>\r\n<li style=\"list-style-type: none;\">\r\n<ul>\r\n<li style=\"list-style-type: none;\">\r\n<ul>\r\n<li style=\"list-style-type: none;\">\r\n<ul>\r\n<li style=\"list-style-type: none;\">\r\n<ul>\r\n<li style=\"list-style-type: none;\">\r\n<ul>\r\n<li style=\"list-style-type: none;\">\r\n<ul>\r\n<li style=\"list-style-type: none;\">\r\n<ul>\r\n<li style=\"list-style-type: none;\">\r\n<ul>\r\n<li style=\"list-style-type: none;\">\r\n<ul id=\"block-91d3c511-3bcd-4ae6-879f-2529d2d9cc5d\" class=\"block-editor-rich-text__editable block-editor-block-list__block wp-block is-selected is-focused is-focus-mode is-hovered rich-text\" tabindex=\"0\" role=\"group\" aria-multiline=\"true\" aria-label=\"Block: Liste\" data-block=\"91d3c511-3bcd-4ae6-879f-2529d2d9cc5d\" data-type=\"core\/list\" data-title=\"Liste\">\r\n<li><span style=\"font-size: 18pt;\"><strong data-rich-text-format-boundary=\"true\">Kurze Projektanlaufzeiten<\/strong><\/span><\/li>\r\n<li><span style=\"font-size: 18pt;\"><strong>Effizientes Management<\/strong><\/span><\/li>\r\n<li><span style=\"font-size: 18pt;\"><strong>Termintreue in unseren Kundenprojekten<\/strong><\/span><\/li>\r\n<li><span style=\"font-size: 18pt;\"><strong>Ma\u00dfgeschneiderte L\u00f6sungen<\/strong><\/span><\/li>\r\n<\/ul>\r\n<\/li>\r\n<\/ul>\r\n<\/li>\r\n<\/ul>\r\n<\/li>\r\n<\/ul>\r\n<\/li>\r\n<\/ul>\r\n<\/li>\r\n<\/ul>\r\n<\/li>\r\n<\/ul>\r\n<\/li>\r\n<\/ul>\r\n<\/li>\r\n<\/ul>\r\n<\/li>\r\n<\/ul>\r\n<\/li>\r\n<\/ul>\r\n<p style=\"padding-left: 320px;\">Sie wollen mehr \u00fcber uns erfahren \/\/ Sie haben Fragen zu unseren Dienstleistungen, <br \/>Sie erreichen uns \u00fcber:\u00a0 <span style=\"color: #0a2a51;\"><strong>info@apeconsulting.com<\/strong><\/span><\/p>\r\n<p style=\"padding-left: 320px;\">Lassen Sie es uns gemeinsam angehen!<\/p>\r\n","protected":false},"excerpt":{"rendered":"<p>Herzlich willkommen bei der APEConsulting GmbH &#8222;Unser Name ist unser Aush\u00e4ngeschild&#8220; A-utomotiv P-lanning E-ngineering C-onsulting \u00a0 Es steht f\u00fcr Kurze Projektanlaufzeiten Effizientes Management Termintreue in unseren Kundenprojekten Ma\u00dfgeschneiderte L\u00f6sungen Sie wollen mehr \u00fcber uns erfahren \/\/ Sie haben Fragen zu unseren Dienstleistungen, Sie erreichen uns \u00fcber:\u00a0 info@apeconsulting.com Lassen Sie es uns gemeinsam angehen!<\/p>\n","protected":false},"author":1,"featured_media":0,"parent":0,"menu_order":0,"comment_status":"closed","ping_status":"closed","template":"","meta":{"footnotes":""},"class_list":["post-5","page","type-page","status-publish","hentry","entry"],"_links":{"self":[{"href":"https:\/\/apeconsulting.gmbh\/index.php?rest_route=\/wp\/v2\/pages\/5","targetHints":{"allow":["GET"]}}],"collection":[{"href":"https:\/\/apeconsulting.gmbh\/index.php?rest_route=\/wp\/v2\/pages"}],"about":[{"href":"https:\/\/apeconsulting.gmbh\/index.php?rest_route=\/wp\/v2\/types\/page"}],"author":[{"embeddable":true,"href":"https:\/\/apeconsulting.gmbh\/index.php?rest_route=\/wp\/v2\/users\/1"}],"replies":[{"embeddable":true,"href":"https:\/\/apeconsulting.gmbh\/index.php?rest_route=%2Fwp%2Fv2%2Fcomments&post=5"}],"version-history":[{"count":44,"href":"https:\/\/apeconsulting.gmbh\/index.php?rest_route=\/wp\/v2\/pages\/5\/revisions"}],"predecessor-version":[{"id":695,"href":"https:\/\/apeconsulting.gmbh\/index.php?rest_route=\/wp\/v2\/pages\/5\/revisions\/695"}],"wp:attachment":[{"href":"https:\/\/apeconsulting.gmbh\/index.php?rest_route=%2Fwp%2Fv2%2Fmedia&parent=5"}],"curies":[{"name":"wp","href":"https:\/\/api.w.org\/{rel}","templated":true}]}}