{"id":124,"date":"2021-02-04T13:34:01","date_gmt":"2021-02-04T13:34:01","guid":{"rendered":"http:\/\/apeconsulting.michael-havers.com\/?page_id=124"},"modified":"2021-04-05T09:54:40","modified_gmt":"2021-04-05T09:54:40","slug":"projektabwicklung","status":"publish","type":"page","link":"https:\/\/apeconsulting.gmbh\/?page_id=124","title":{"rendered":"Projektabwicklung"},"content":{"rendered":"\n<p><span style=\"font-size: 20px; color: #0a2a51;\"><strong><span class=\"tadv-color\" data-rich-text-format-boundary=\"true\">Im Team sind wir ein starker Partner!<\/span><\/strong><\/span><\/p>\n<p><span style=\"color: #0a2a51; font-size: 20px;\">Die APEConsulting GmbH steht eng im Verbund mit der APEConsulting Services GmbH und kann dar\u00fcber hinaus auf ein gro\u00dfes Netzwerk von verbundener Freelancern zur\u00fcckgreifen.<\/span><\/p>\n<p>Diese Zusammenarbeit beruht auf einer langj\u00e4hrigen Erfahrung und Vertrauen. Damit haben wir die Grundlage geschaffen, f\u00fcr unsere Kunden und Ihre Projektanforderungen, die beste Performance an Manpower und Knowhow bereitzustellen.<\/p>\n\n\n\n<div style=\"height:16px\" aria-hidden=\"true\" class=\"wp-block-spacer\"><\/div>\n\n\n\n<figure class=\"wp-block-image size-full is-resized <figure class=&quot;wp-block-image alignwide size-large is-style-default&quot;&gt;\"><img loading=\"lazy\" decoding=\"async\" src=\"http:\/\/apeconsulting.michael-havers.com\/wp-content\/uploads\/2021\/02\/Bild24.png\" alt=\"\" class=\"wp-image-125\" width=\"1451\" height=\"862\" srcset=\"https:\/\/apeconsulting.gmbh\/wp-content\/uploads\/2021\/02\/Bild24.png 1415w, https:\/\/apeconsulting.gmbh\/wp-content\/uploads\/2021\/02\/Bild24-300x179.png 300w, https:\/\/apeconsulting.gmbh\/wp-content\/uploads\/2021\/02\/Bild24-1024x609.png 1024w, https:\/\/apeconsulting.gmbh\/wp-content\/uploads\/2021\/02\/Bild24-768x457.png 768w\" sizes=\"auto, (max-width: 1451px) 100vw, 1451px\" \/><\/figure>\n","protected":false},"excerpt":{"rendered":"<p>Im Team sind wir ein starker Partner! Die APEConsulting GmbH steht eng im Verbund mit der APEConsulting Services GmbH und kann dar\u00fcber hinaus auf ein gro\u00dfes Netzwerk von verbundener Freelancern zur\u00fcckgreifen. Diese Zusammenarbeit beruht auf einer langj\u00e4hrigen Erfahrung und Vertrauen. Damit haben wir die Grundlage geschaffen, f\u00fcr unsere Kunden und Ihre Projektanforderungen, die beste Performance&hellip; <a class=\"more-link\" href=\"https:\/\/apeconsulting.gmbh\/?page_id=124\"><span class=\"screen-reader-text\">Projektabwicklung<\/span> weiterlesen<\/a><\/p>\n","protected":false},"author":1,"featured_media":0,"parent":0,"menu_order":0,"comment_status":"closed","ping_status":"closed","template":"","meta":{"footnotes":""},"class_list":["post-124","page","type-page","status-publish","hentry","entry"],"_links":{"self":[{"href":"https:\/\/apeconsulting.gmbh\/index.php?rest_route=\/wp\/v2\/pages\/124","targetHints":{"allow":["GET"]}}],"collection":[{"href":"https:\/\/apeconsulting.gmbh\/index.php?rest_route=\/wp\/v2\/pages"}],"about":[{"href":"https:\/\/apeconsulting.gmbh\/index.php?rest_route=\/wp\/v2\/types\/page"}],"author":[{"embeddable":true,"href":"https:\/\/apeconsulting.gmbh\/index.php?rest_route=\/wp\/v2\/users\/1"}],"replies":[{"embeddable":true,"href":"https:\/\/apeconsulting.gmbh\/index.php?rest_route=%2Fwp%2Fv2%2Fcomments&post=124"}],"version-history":[{"count":13,"href":"https:\/\/apeconsulting.gmbh\/index.php?rest_route=\/wp\/v2\/pages\/124\/revisions"}],"predecessor-version":[{"id":500,"href":"https:\/\/apeconsulting.gmbh\/index.php?rest_route=\/wp\/v2\/pages\/124\/revisions\/500"}],"wp:attachment":[{"href":"https:\/\/apeconsulting.gmbh\/index.php?rest_route=%2Fwp%2Fv2%2Fmedia&parent=124"}],"curies":[{"name":"wp","href":"https:\/\/api.w.org\/{rel}","templated":true}]}}