{"id":120,"date":"2021-02-04T13:17:56","date_gmt":"2021-02-04T13:17:56","guid":{"rendered":"http:\/\/apeconsulting.michael-havers.com\/?page_id=120"},"modified":"2024-05-15T16:46:22","modified_gmt":"2024-05-15T16:46:22","slug":"historie","status":"publish","type":"page","link":"https:\/\/apeconsulting.gmbh\/?page_id=120","title":{"rendered":"Historie"},"content":{"rendered":"\r\n\r\n\r\n<p style=\"padding-left: 240px;\"><span style=\"font-size: 15pt; color: #0a2a51;\">Die Firma APEConsulting GmbH, gegr\u00fcndet im Jahr 2007, kann heute bereits auf 17 erfolgreiche Jahre der <br \/>Planungs-\/Beratungst\u00e4tigkeit im Automotivsektor zur\u00fcckblicken. <br \/>Die drei Gr\u00fcndungsmitglieder, selbst mit einer langj\u00e4hrigen Planungserfahrung im Automotiv Bereich im Rucksack, <br \/>verfolgten eine gemeinsame Idee: ein Unternehmen auf die Beine zu stellen, welches mit einer schlanken, <br \/>flexiblen Hierarchie und einer angepassten Arbeitsumgebung den Anforderungen der Dienstleistungen <br \/>im Planungsgesch\u00e4ft gerecht wird.<\/span><\/p>\r\n<p style=\"padding-left: 240px;\"><span style=\"font-size: 15pt; color: #0a2a51;\">Der Erfolg gibt uns recht, einerseits sind wir<br \/><\/span><\/p>\r\n<p style=\"padding-left: 280px;\"><strong><span style=\"font-size: 15pt; color: #0a2a51;\">==&gt; ein interessanter und am Markt bekannter Arbeitgeber <\/span><\/strong><\/p>\r\n<p style=\"padding-left: 240px;\"><span style=\"font-size: 15pt; color: #0a2a51;\">und andererseits <\/span><\/p>\r\n<p style=\"padding-left: 280px;\"><strong><span style=\"font-size: 15pt; color: #0a2a51;\">==&gt; ein kompetenter und innovativer Planungspartner\u00a0 <\/span><\/strong><\/p>\r\n<p style=\"padding-left: 240px;\"><span style=\"font-size: 15pt; color: #0a2a51;\">bei unseren Kunden im Automotiv-Sektors.<\/span><\/p>\r\n<p style=\"padding-left: 240px;\"><span style=\"font-size: 15pt; color: #0a2a51;\">Von Beginn an haben wir unser <strong>Fachplanungsportfolio<\/strong> steig ausgebaut.<\/span><\/p>\r\n<p style=\"padding-left: 240px;\"><span style=\"color: #0c2b50;\">Heute sind wir in der Lage, Planungsdienstleistungen in fast allen komplexen Technologien in der Fahrzeugmontage <br \/>unseren Kunden anzubieten. <br \/><\/span><\/p>\r\n<p style=\"padding-left: 240px;\"><span style=\"color: #0c2b50;\">Einer unserer gro\u00dfen Planungsschwerpunkte ist die <strong>Anlagen- und Prozessplanung<\/strong> rund um die gesamte Fahrzeugmontage. <br \/><\/span><span style=\"color: #0c2b50;\">Bis heute haben wir in vielen Fahrzeugbaureihenprojekten die verschiedensten Anlagenkonzepte und Prozesse geplant, <br \/>ausgeschrieben und bis zur \u00dcbergabe an den Betreiber realisiert.<\/span><\/p>\r\n<p style=\"padding-left: 240px;\"><span style=\"color: #0c2b50;\">Unser Fachplanungsportfolio reicht vom einfachsten Lastaufnahmemittel, \u00fcber komplexe Handhabungsger\u00e4te, Dispenstechnik, <br \/>F\u00fcgetechnik, Montagekonzepte (zB. Scheiben, D\u00e4cher, HV &#8211; Batterie,..), Hochzeitskonzepte bis hin zur Pr\u00fcftechnik. Die Planung <br \/>und Durchf\u00fchrung der Qualit\u00e4tspr\u00fcfungen f\u00fcr Anlagen und Prozesse (MFU, vPFU, MSA etc.) bis hin zur Erstellung <br \/>auditierungsf\u00e4higer Dokumentationen runden das Portfolio ab.<\/span><\/p>\r\n<p style=\"padding-left: 240px;\"><span style=\"color: #0c2b50;\">Die Schraubtechnikplanung bildet einen weiteren Schwerpunkt in unserem Planungsportfolio.\u00a0 <br \/>Vom WLAN Schrauber, \u00fcber kabelgebundene Schraubtechnik bis hin zu den nEC Werkzeugen planen wir f\u00fcr unseren Kunden<br \/>vom einzelnen Schraubwerkzeug hin bis zur Ausplanung einer gesamten Baureihe.<br \/><\/span><\/p>\r\n<p style=\"padding-left: 240px;\"><span style=\"color: #0c2b50;\">Seit 2018 sind wir auch im Bereich der Rohbauplanung (Prozessabsicherung, Simulation, SFK..) in verschiedenen Projekten <br \/>und Baureihen t\u00e4tig<\/span><span style=\"color: #0c2b50;\">.<\/span><\/p>\r\n<p style=\"padding-left: 240px;\"><span style=\"color: #0c2b50;\">Unterst\u00fctzend k\u00f6nnen wir auf interne Ressourcen wie CAD Konstruktion Siemens NX und Catia, Layoutplanung <br \/>in Microstation &#8230;. um nur einige zu nennen, zur\u00fcckgreifen.<\/span><\/p>\r\n","protected":false},"excerpt":{"rendered":"<p>Die Firma APEConsulting GmbH, gegr\u00fcndet im Jahr 2007, kann heute bereits auf 17 erfolgreiche Jahre der Planungs-\/Beratungst\u00e4tigkeit im Automotivsektor zur\u00fcckblicken. Die drei Gr\u00fcndungsmitglieder, selbst mit einer langj\u00e4hrigen Planungserfahrung im Automotiv Bereich im Rucksack, verfolgten eine gemeinsame Idee: ein Unternehmen auf die Beine zu stellen, welches mit einer schlanken, flexiblen Hierarchie und einer angepassten Arbeitsumgebung den&hellip; <a class=\"more-link\" href=\"https:\/\/apeconsulting.gmbh\/?page_id=120\"><span class=\"screen-reader-text\">Historie<\/span> weiterlesen<\/a><\/p>\n","protected":false},"author":1,"featured_media":0,"parent":0,"menu_order":0,"comment_status":"closed","ping_status":"closed","template":"","meta":{"footnotes":""},"class_list":["post-120","page","type-page","status-publish","hentry","entry"],"_links":{"self":[{"href":"https:\/\/apeconsulting.gmbh\/index.php?rest_route=\/wp\/v2\/pages\/120","targetHints":{"allow":["GET"]}}],"collection":[{"href":"https:\/\/apeconsulting.gmbh\/index.php?rest_route=\/wp\/v2\/pages"}],"about":[{"href":"https:\/\/apeconsulting.gmbh\/index.php?rest_route=\/wp\/v2\/types\/page"}],"author":[{"embeddable":true,"href":"https:\/\/apeconsulting.gmbh\/index.php?rest_route=\/wp\/v2\/users\/1"}],"replies":[{"embeddable":true,"href":"https:\/\/apeconsulting.gmbh\/index.php?rest_route=%2Fwp%2Fv2%2Fcomments&post=120"}],"version-history":[{"count":18,"href":"https:\/\/apeconsulting.gmbh\/index.php?rest_route=\/wp\/v2\/pages\/120\/revisions"}],"predecessor-version":[{"id":716,"href":"https:\/\/apeconsulting.gmbh\/index.php?rest_route=\/wp\/v2\/pages\/120\/revisions\/716"}],"wp:attachment":[{"href":"https:\/\/apeconsulting.gmbh\/index.php?rest_route=%2Fwp%2Fv2%2Fmedia&parent=120"}],"curies":[{"name":"wp","href":"https:\/\/api.w.org\/{rel}","templated":true}]}}