{"id":118,"date":"2021-02-18T12:22:14","date_gmt":"2021-02-18T12:22:14","guid":{"rendered":"http:\/\/apeconsulting.michael-havers.com\/?page_id=118"},"modified":"2024-05-14T13:40:05","modified_gmt":"2024-05-14T13:40:05","slug":"philosophie-leitmotiv","status":"publish","type":"page","link":"https:\/\/apeconsulting.gmbh\/?page_id=118","title":{"rendered":"Philosophie\/Leitmotiv"},"content":{"rendered":"\r\n<p style=\"padding-left: 240px;\"><span style=\"font-size: 15pt; color: #0a2a51;\"><strong data-rich-text-format-boundary=\"true\">Das Fundament unserer Arbeit<\/strong><\/span><br data-rich-text-line-break=\"true\" \/><br data-rich-text-line-break=\"true\" \/><span style=\"font-size: 15pt;\"><span style=\"color: #0a2a51;\">Neue Wege zu beschreiten, Wissen zu transferieren und <\/span><span style=\"color: #0a2a51;\">bew\u00e4hrte Prozesse und Methoden auf Ihre <br \/>Projektanforderungen anzupassen hat bei uns Tradition. <\/span><\/span><span style=\"font-size: 15pt; color: #0a2a51;\">Bewahrt haben wir bei allem Wandel unsere <br \/>Unternehmensgrunds\u00e4tze. <\/span><span style=\"font-size: 15pt; color: #0a2a51;\">Alle Aspekte unserer Gesch\u00e4ftst\u00e4tigkeit beruhen auf dem intakten <\/span><br data-rich-text-line-break=\"true\" \/><span style=\"font-size: 15pt;\"><span style=\"color: #0a2a51;\">Gleichgewicht zwischen unseren <\/span><span style=\"color: #0a2a51;\"><strong>vier Leitmotiven<\/strong>:<\/span><\/span><br data-rich-text-line-break=\"true\" \/><br data-rich-text-line-break=\"true\" \/><span style=\"font-size: 15pt; color: #0a2a51;\"><strong>&gt;&gt;Unabh\u00e4ngigkeit<\/strong><\/span><br data-rich-text-line-break=\"true\" \/><span style=\"font-size: 14pt; color: #0a2a51;\">Als Unternehmensberater wahren wir die Unabh\u00e4ngigkeit von Dritten, insbesondere, wenn Entscheidungen <br \/>\u00fcber Lieferanten oder <\/span><span style=\"font-size: 15pt; color: #0a2a51;\">andere Partner des Klienten anstehen.<\/span><br data-rich-text-line-break=\"true\" \/><br data-rich-text-line-break=\"true\" \/><span style=\"font-size: 15pt; color: #0a2a51;\"><strong>&gt;&gt;Objektivit\u00e4t<\/strong><\/span><br data-rich-text-line-break=\"true\" \/><span style=\"font-size: 14pt; color: #0a2a51;\">Unsere Beratung erfolgt unter Ber\u00fccksichtigung aller Chancen und Risiken.<\/span><br data-rich-text-line-break=\"true\" \/><br data-rich-text-line-break=\"true\" \/><span style=\"font-size: 15pt; color: #0a2a51;\"><strong>&gt;&gt;Kompetenz<\/strong><\/span><br data-rich-text-line-break=\"true\" \/><span style=\"font-size: 14pt; color: #0a2a51;\">Wir beraten nur in Feldern, in welchen wir nachweislich Kompetenz besitzen oder erlangt haben.<\/span><br data-rich-text-line-break=\"true\" \/><br data-rich-text-line-break=\"true\" \/><span style=\"font-size: 15pt; color: #0a2a51;\"><strong>&gt;&gt;Vertraulichkeit<\/strong><\/span><br data-rich-text-line-break=\"true\" \/><span style=\"font-size: 15pt; color: #0a2a51;\">Keine der im Beratungsprozess erworbenen Kenntnisse und Informationen gelangen an Dritte.<\/span><\/p>\r\n","protected":false},"excerpt":{"rendered":"<p>Das Fundament unserer ArbeitNeue Wege zu beschreiten, Wissen zu transferieren und bew\u00e4hrte Prozesse und Methoden auf Ihre Projektanforderungen anzupassen hat bei uns Tradition. Bewahrt haben wir bei allem Wandel unsere Unternehmensgrunds\u00e4tze. Alle Aspekte unserer Gesch\u00e4ftst\u00e4tigkeit beruhen auf dem intakten Gleichgewicht zwischen unseren vier Leitmotiven:&gt;&gt;Unabh\u00e4ngigkeitAls Unternehmensberater wahren wir die Unabh\u00e4ngigkeit von Dritten, insbesondere, wenn Entscheidungen \u00fcber&hellip; <a class=\"more-link\" href=\"https:\/\/apeconsulting.gmbh\/?page_id=118\"><span class=\"screen-reader-text\">Philosophie\/Leitmotiv<\/span> weiterlesen<\/a><\/p>\n","protected":false},"author":1,"featured_media":0,"parent":0,"menu_order":0,"comment_status":"closed","ping_status":"closed","template":"","meta":{"footnotes":""},"class_list":["post-118","page","type-page","status-publish","hentry","entry"],"_links":{"self":[{"href":"https:\/\/apeconsulting.gmbh\/index.php?rest_route=\/wp\/v2\/pages\/118","targetHints":{"allow":["GET"]}}],"collection":[{"href":"https:\/\/apeconsulting.gmbh\/index.php?rest_route=\/wp\/v2\/pages"}],"about":[{"href":"https:\/\/apeconsulting.gmbh\/index.php?rest_route=\/wp\/v2\/types\/page"}],"author":[{"embeddable":true,"href":"https:\/\/apeconsulting.gmbh\/index.php?rest_route=\/wp\/v2\/users\/1"}],"replies":[{"embeddable":true,"href":"https:\/\/apeconsulting.gmbh\/index.php?rest_route=%2Fwp%2Fv2%2Fcomments&post=118"}],"version-history":[{"count":12,"href":"https:\/\/apeconsulting.gmbh\/index.php?rest_route=\/wp\/v2\/pages\/118\/revisions"}],"predecessor-version":[{"id":690,"href":"https:\/\/apeconsulting.gmbh\/index.php?rest_route=\/wp\/v2\/pages\/118\/revisions\/690"}],"wp:attachment":[{"href":"https:\/\/apeconsulting.gmbh\/index.php?rest_route=%2Fwp%2Fv2%2Fmedia&parent=118"}],"curies":[{"name":"wp","href":"https:\/\/api.w.org\/{rel}","templated":true}]}}