{"id":113,"date":"2021-02-04T10:50:54","date_gmt":"2021-02-04T10:50:54","guid":{"rendered":"http:\/\/apeconsulting.michael-havers.com\/?page_id=113"},"modified":"2024-05-14T13:56:47","modified_gmt":"2024-05-14T13:56:47","slug":"impressum","status":"publish","type":"page","link":"https:\/\/apeconsulting.gmbh\/?page_id=113","title":{"rendered":"Impressum"},"content":{"rendered":"\r\n<p style=\"padding-left: 240px;\"><strong>APEConsulting GmbH<\/strong><\/p>\r\n\r\n\r\n\r\n<p style=\"padding-left: 240px;\">Zum Quellenpark 29<br \/>65812 Bad Soden a.T.<\/p>\r\n\r\n\r\n\r\n<p style=\"padding-left: 240px;\"><strong>Gesch\u00e4ftsf\u00fchrer: <\/strong>Karl-Heinz Kreutzer<\/p>\r\n\r\n\r\n\r\n<p style=\"padding-left: 240px;\"><strong>Umsatzsteuer-ID:<\/strong> DE254441958<\/p>\r\n\r\n\r\n\r\n<p style=\"padding-left: 240px;\"><strong>Handelsregister:<\/strong> HRB 6925<\/p>\r\n\r\n\r\n\r\n<p style=\"padding-left: 240px;\">Trotz sorgf\u00e4ltiger inhaltlicher Kontrolle \u00fcbernehmen wir keine Haftung f\u00fcr externe Links. <br \/>F\u00fcr den Inhalt der verlinkten Seiten sind ausschlie\u00dflich deren Betreiber verantwortlich.<\/p>\r\n\r\n\r\n\r\n<p style=\"padding-left: 240px;\"><strong>Konzept und Umsetzung:<\/strong><\/p>\r\n\r\n\r\n\r\n<p style=\"padding-left: 240px;\"><strong>Urheberrechte an Fotos u.a.:<\/strong><\/p>\r\n\r\n\r\n\r\n<p style=\"padding-left: 240px;\">\u00a9everythingpossible Fotolia.com<br \/>\u00a9contrastwerkstatt Fotolia.com<br \/>\u00a9XK Fotolia.com<\/p>\r\n<p style=\"padding-left: 240px;\">\u00a0<\/p>\r\n<p style=\"padding-left: 240px;\"><strong>Kontakt<\/strong><\/p>\r\n<p style=\"padding-left: 240px;\">Karl-Heinz Kreutzer<br \/>Tel: +49 151 527 50 261<br \/><a href=\"mailto:karl-heinz.kreutzer@apeconsulting.com\">karl-heinz.kreutzer@apeconsulting.com<\/a><\/p>\r\n","protected":false},"excerpt":{"rendered":"<p>APEConsulting GmbH Zum Quellenpark 2965812 Bad Soden a.T. Gesch\u00e4ftsf\u00fchrer: Karl-Heinz Kreutzer Umsatzsteuer-ID: DE254441958 Handelsregister: HRB 6925 Trotz sorgf\u00e4ltiger inhaltlicher Kontrolle \u00fcbernehmen wir keine Haftung f\u00fcr externe Links. F\u00fcr den Inhalt der verlinkten Seiten sind ausschlie\u00dflich deren Betreiber verantwortlich. Konzept und Umsetzung: Urheberrechte an Fotos u.a.: \u00a9everythingpossible Fotolia.com\u00a9contrastwerkstatt Fotolia.com\u00a9XK Fotolia.com \u00a0 Kontakt Karl-Heinz KreutzerTel: +49 151&hellip; <a class=\"more-link\" href=\"https:\/\/apeconsulting.gmbh\/?page_id=113\"><span class=\"screen-reader-text\">Impressum<\/span> weiterlesen<\/a><\/p>\n","protected":false},"author":1,"featured_media":0,"parent":0,"menu_order":0,"comment_status":"closed","ping_status":"closed","template":"","meta":{"footnotes":""},"class_list":["post-113","page","type-page","status-publish","hentry","entry"],"_links":{"self":[{"href":"https:\/\/apeconsulting.gmbh\/index.php?rest_route=\/wp\/v2\/pages\/113","targetHints":{"allow":["GET"]}}],"collection":[{"href":"https:\/\/apeconsulting.gmbh\/index.php?rest_route=\/wp\/v2\/pages"}],"about":[{"href":"https:\/\/apeconsulting.gmbh\/index.php?rest_route=\/wp\/v2\/types\/page"}],"author":[{"embeddable":true,"href":"https:\/\/apeconsulting.gmbh\/index.php?rest_route=\/wp\/v2\/users\/1"}],"replies":[{"embeddable":true,"href":"https:\/\/apeconsulting.gmbh\/index.php?rest_route=%2Fwp%2Fv2%2Fcomments&post=113"}],"version-history":[{"count":5,"href":"https:\/\/apeconsulting.gmbh\/index.php?rest_route=\/wp\/v2\/pages\/113\/revisions"}],"predecessor-version":[{"id":700,"href":"https:\/\/apeconsulting.gmbh\/index.php?rest_route=\/wp\/v2\/pages\/113\/revisions\/700"}],"wp:attachment":[{"href":"https:\/\/apeconsulting.gmbh\/index.php?rest_route=%2Fwp%2Fv2%2Fmedia&parent=113"}],"curies":[{"name":"wp","href":"https:\/\/api.w.org\/{rel}","templated":true}]}}